{"id":11,"date":"2021-01-30T12:39:12","date_gmt":"2021-01-30T12:39:12","guid":{"rendered":"https:\/\/rosmuhendislik.com\/mesmerize\/"},"modified":"2026-04-12T21:39:33","modified_gmt":"2026-04-12T18:39:33","slug":"mesmerize","status":"publish","type":"page","link":"https:\/\/rosmuhendislik.com\/en\/","title":{"rendered":"Main"},"content":{"rendered":"<div  data-label=\"Cozumler\" data-id=\"features--1\" data-export-id=\"features-13\" data-category=\"features\" class=\"features-13 content-section content-section-spacing\" id=\"cozumler\" style=\"background-color: rgb(255, 255, 255);\"><div  class=\"gridContainer\"> <div  class=\"row text-center\"><div  class=\"section-title-col\" data-type=\"column\"> <h2  class=\"\">Solutions and Services&nbsp;<\/h2> <p  class=\"lead translation-block\">We provide turn-key solutions for Robotic systems, motion control, plastic injection molding machines, general machine automation and digitalization in industry. Additionaly we suppy Industrial devices as spare part and technical support<\/p><\/div> <\/div> <div  class=\"row spaced-cols\" data-type=\"row\"> <div  class=\"col col-sm-6 space-bottom col-md-4\"><a  data-cp-link=\"1\" href=\"https:\/\/rosmuhendislik.com\/en\/hareketkontrol\/\" class=\"\" target=\"_self\" rel=\"noopener\"><i  class=\"fa icon color1 fa-connectdevelop bordered round big\"><\/i><\/a> <h4  class=\"\">Otomasyon &amp; Hareket Kontrol<\/h4> <p  class=\"\">Servo motorlu uygulama ve Di\u011fer Otomasyon uygulamar\u0131nda, Elektrik Pano ve Projelendirme dahil, anahtar teslim makina ve Hat Otomasyonu \u00e7\u00f6z\u00fcm\u00fc sunuyoruz<\/p> <a  class=\"button small y-move color2\" href=\"https:\/\/rosmuhendislik.com\/en\/hareketkontrol\/\" target=\"_self\" data-cp-link=\"1\" rel=\"noopener\">DETAILS<\/a><\/div><div  class=\"col col-sm-6 space-bottom col-md-4\">  <a  data-cp-link=\"1\" href=\"https:\/\/rosmuhendislik.com\/en\/robotkontrol\/\" class=\"\" target=\"_self\" rel=\"noopener\"><i  class=\"fa icon color1 fa-connectdevelop bordered round big\"><\/i><\/a><h4  class=\"\">Custom Robotic Systems<\/h4> <p  class=\"\">We control your robot which is built mechanically by you. Afterward we prepare robot kinematics code and commission it in the field<\/p> <a  class=\"button small y-move color2\" href=\"https:\/\/rosmuhendislik.com\/en\/robotkontrol\/\" target=\"_self\" data-cp-link=\"1\" rel=\"noopener\">DETAILS<\/a><\/div><div  class=\"col col-sm-6 space-bottom col-md-4\"> <a  data-cp-link=\"1\" href=\"https:\/\/rosmuhendislik.com\/en\/mesmerize\/118-2__trashed\/robotik-sistemler\/\" class=\"\" target=\"_self\" rel=\"noopener\"><i  class=\"fa icon color1 fa-connectdevelop bordered round big\"><\/i><\/a> <h4  class=\"\">Turnkey Robot Projects<\/h4> <p  class=\"\">With Kawasaki, Epson, ABB and KUKA, we provide turnkey project and commissioning services with the most suitable robot for the project.<\/p> <a  class=\"button small y-move color2\" href=\"https:\/\/rosmuhendislik.com\/en\/mesmerize\/118-2__trashed\/robotik-sistemler\/\" target=\"_self\" data-cp-link=\"1\" rel=\"noopener\">DETAILS<\/a><\/div>  <div  class=\"col col-sm-6 space-bottom col-md-4\"><a  data-cp-link=\"1\" href=\"https:\/\/rosmuhendislik.com\/en\/plastik-enjeksiyon\/\" class=\"\" target=\"_self\" rel=\"noopener\"><i  class=\"fa icon color1 fa-industry bordered round big\"><\/i><\/a> <h4  class=\"\">Plastic Injection Molding<\/h4> <p  class=\"\">We provide turnkey service in plastic injection machine manufacturing, turnkey project or Injection machine revision (IMM retrofit)<\/p> <a  class=\"button small y-move color2\" href=\"https:\/\/rosmuhendislik.com\/en\/plastik-enjeksiyon\/\" target=\"_self\" data-cp-link=\"1\" rel=\"noopener\">DETAILS<\/a><\/div> <div  class=\"col col-sm-6 space-bottom col-md-4\"><a  data-cp-link=\"1\" href=\"https:\/\/rosmuhendislik.com\/en\/proses-otomasyon\/\" class=\"\" target=\"_self\" rel=\"noopener\"><i  class=\"fa icon fa-cubes bordered round big color1\"><\/i><\/a> <h4  class=\"\">Proses Otomasyonu &amp; SCADA<\/h4> <p  class=\"\">By controlling your processes end-to-end, we increase production limits, optimize energy constraints, and reduce your operating costs.<\/p> <a  class=\"button y-move small color2\" href=\"https:\/\/rosmuhendislik.com\/en\/proses-otomasyon\/\" target=\"_self\" data-cp-link=\"1\" rel=\"noopener\" data-icon=\"\">DETAILS<\/a><\/div> <div  class=\"col col-sm-6 space-bottom col-md-4\"> <a  data-cp-link=\"1\" href=\"https:\/\/rosmuhendislik.com\/en\/yedekparca\/\" class=\"\" target=\"_self\" rel=\"noopener\"><i  class=\"fa icon color1 fa-plane bordered round big\"><\/i><\/a> <h4  class=\"\">Spare Parts<\/h4> <p  class=\"\">We support service and supply of industrial equipment from KEBA , Bosch Rexroth , LS and many more<\/p> <a  class=\"button small y-move color2\" href=\"https:\/\/rosmuhendislik.com\/en\/yedekparca\/\" target=\"_self\" data-cp-link=\"1\" rel=\"noopener\">DETAILS<\/a><\/div><\/div><\/div> <\/div><div  data-label=\"Cozum Ortaklarimiz\" data-id=\"clients--1\" data-export-id=\"clients-4\" data-category=\"clients\" class=\"clients-4 content-section content-section-spacing-small\" id=\"cozum-ortaklarimiz\" style=\"background-color: rgb(245, 250, 253);\"><div  class=\"gridContainer\"><div  data-section-title-area=\"true\" class=\"row text-center\">   <div  class=\"section-title-col\" data-type=\"column\">       <h2  class=\"\">Products | Brands<\/h2>          <\/div><\/div>  <div  data-type=\"row\" class=\"row spaced-cols middle-xs center-xs space-bottom padding-lr\"> <div  class=\"col-xs-6 col-sm-2 col-md-2\"><a  data-cp-link=\"1\" href=\"https:\/\/rosmuhendislik.com\/en\/keba\/\" class=\"\" target=\"_self\" rel=\"noopener\"><img  decoding=\"async\" class=\"custom-image\" src=\"https:\/\/rosmuhendislik.com\/wp-content\/uploads\/2021\/02\/cropped-KEBA_logo_250x125.jpg\" title=\"cropped-KEBA_logo_250x125.jpg\" alt=\"\"><\/a><a  data-cp-link=\"1\" href=\"https:\/\/rosmuhendislik.com\/en\/keba\/\" class=\"\" target=\"_self\" rel=\"noopener\"><img  decoding=\"async\" class=\"custom-image\" src=\"https:\/\/rosmuhendislik.com\/wp-content\/uploads\/2021\/06\/Keba.jpg\" title=\"Keba\" alt=\"\"><\/a><h6  class=\"\">KEBA<\/h6> <\/div>  <div  class=\"col-xs-6 col-sm-2 col-md-2\"><a  data-cp-link=\"1\" href=\"https:\/\/rosmuhendislik.com\/en\/bosch-rexroth\/\" class=\"\" target=\"_self\" rel=\"noopener\"><img  decoding=\"async\" class=\"custom-image\" src=\"https:\/\/rosmuhendislik.com\/wp-content\/uploads\/2021\/06\/bosch-rexroth2.png\" title=\"bosch-rexroth2\" alt=\"\"><\/a><a  data-cp-link=\"1\" href=\"https:\/\/rosmuhendislik.com\/en\/bosch-rexroth\/\" class=\"\" target=\"_self\" rel=\"noopener\"><img  decoding=\"async\" class=\"custom-image\" src=\"https:\/\/rosmuhendislik.com\/wp-content\/uploads\/2021\/02\/cropped-bosch-rexroth.jpg\" title=\"cropped-KEBA_logo_250x125.jpg\" alt=\"\"><\/a> <h6  class=\"\">Bosch Rexroth<\/h6><\/div><div  class=\"col-xs-6 col-sm-2 col-md-2\"> <a  data-cp-link=\"1\" href=\"#\" class=\"\"><img  decoding=\"async\" src=\"https:\/\/rosmuhendislik.com\/wp-content\/uploads\/2021\/02\/cropped-cropped-danfos-1.jpg\" class=\"\" title=\"cropped-cropped-danfos-1.jpg\" alt=\"\"><\/a><a  data-cp-link=\"1\" href=\"https:\/\/rosmuhendislik.com\/en\/danfoss\/\" class=\"\" target=\"_self\" rel=\"noopener\"><img  decoding=\"async\" class=\"custom-image\" src=\"https:\/\/rosmuhendislik.com\/wp-content\/uploads\/2021\/06\/danfos.jpg\" title=\"danfos\" alt=\"\"><\/a><h4  class=\"\">Danfoss<\/h4><\/div><div  class=\"col-xs-6 col-sm-2 col-md-2\"> <a  data-cp-link=\"1\" href=\"https:\/\/rosmuhendislik.com\/en\/nachirobotics\/\" class=\"\" target=\"_self\" rel=\"noopener\"><img  decoding=\"async\" src=\"https:\/\/rosmuhendislik.com\/wp-content\/uploads\/2021\/05\/cropped-nachi.png\" class=\"\" title=\"cropped-LTI.jpg\" alt=\"\"><\/a><a  data-cp-link=\"1\" href=\"https:\/\/rosmuhendislik.com\/en\/siemens-motion\/\" class=\"\" target=\"_self\" rel=\"noopener\"><img  decoding=\"async\" class=\"custom-image\" src=\"https:\/\/rosmuhendislik.com\/wp-content\/uploads\/2024\/10\/Siemens.jpg\" title=\"nachi\" alt=\"\"><\/a><h6  class=\"\">SIEMENS<\/h6><\/div>    <div  class=\"col-xs-6 col-sm-2 col-md-2\"><a  data-cp-link=\"1\" href=\"https:\/\/rosmuhendislik.com\/en\/keba\/\" class=\"\" target=\"_self\" rel=\"noopener\"><img  decoding=\"async\" class=\"custom-image\" src=\"https:\/\/rosmuhendislik.com\/wp-content\/uploads\/2021\/02\/cropped-KEBA_logo_250x125.jpg\" title=\"cropped-KEBA_logo_250x125.jpg\" alt=\"\"><\/a><a  data-cp-link=\"1\" href=\"https:\/\/rosmuhendislik.com\/en\/Beckhoff-main\/\" class=\"\" target=\"_self\" rel=\"noopener\"><img  decoding=\"async\" class=\"custom-image\" src=\"https:\/\/rosmuhendislik.com\/wp-content\/uploads\/2024\/10\/Beckhoff.jpg\" title=\"Keba\" alt=\"\"><\/a><h6  class=\"\">Beckhoff<\/h6> <\/div><div  class=\"col-xs-6 col-sm-2 col-md-2\"><a  data-cp-link=\"1\" href=\"https:\/\/rosmuhendislik.com\/en\/keba\/\" class=\"\" target=\"_self\" rel=\"noopener\"><img  decoding=\"async\" class=\"custom-image\" src=\"https:\/\/rosmuhendislik.com\/wp-content\/uploads\/2021\/02\/cropped-KEBA_logo_250x125.jpg\" title=\"cropped-KEBA_logo_250x125.jpg\" alt=\"\"><\/a><a  data-cp-link=\"1\" href=\"https:\/\/rosmuhendislik.com\/en\/festo\/\" class=\"\" target=\"_self\" rel=\"noopener\"><img  decoding=\"async\" class=\"custom-image\" src=\"https:\/\/rosmuhendislik.com\/wp-content\/uploads\/2025\/02\/Festo_logo.svg_.png\" title=\"Keba\" alt=\"\"><\/a><h6  class=\"\">FESTO<\/h6> <\/div><div  class=\"col-xs-6 col-sm-2 col-md-2\"><a  data-cp-link=\"1\" href=\"https:\/\/rosmuhendislik.com\/en\/keba\/\" class=\"\" target=\"_self\" rel=\"noopener\"><img  decoding=\"async\" class=\"custom-image\" src=\"https:\/\/rosmuhendislik.com\/wp-content\/uploads\/2021\/02\/cropped-KEBA_logo_250x125.jpg\" title=\"cropped-KEBA_logo_250x125.jpg\" alt=\"\"><\/a><a  data-cp-link=\"1\" href=\"https:\/\/rosmuhendislik.com\/en\/kawasaki\/\" class=\"\" target=\"_self\" rel=\"noopener\"><img  decoding=\"async\" class=\"custom-image\" src=\"https:\/\/rosmuhendislik.com\/wp-content\/uploads\/2021\/12\/Kawasaki.png\" title=\"Keba\" alt=\"\"><\/a><h6  class=\"\">Kawasaki Robot<\/h6> <\/div><div  class=\"col-xs-6 col-sm-2 col-md-2\"><a  data-cp-link=\"1\" href=\"https:\/\/rosmuhendislik.com\/en\/keba\/\" class=\"\" target=\"_self\" rel=\"noopener\"><img  decoding=\"async\" class=\"custom-image\" src=\"https:\/\/rosmuhendislik.com\/wp-content\/uploads\/2021\/02\/cropped-KEBA_logo_250x125.jpg\" title=\"cropped-KEBA_logo_250x125.jpg\" alt=\"\"><\/a><a  data-cp-link=\"1\" href=\"https:\/\/rosmuhendislik.com\/en\/epsonrobot\/\" class=\"\" target=\"_self\" rel=\"noopener\"><img  decoding=\"async\" class=\"custom-image\" src=\"https:\/\/rosmuhendislik.com\/wp-content\/uploads\/2021\/12\/Epson.png\" title=\"Keba\" alt=\"\"><\/a><h6  class=\"\">EPSON Robot<\/h6> <\/div><div  class=\"col-xs-6 col-sm-2 col-md-2\"><a  data-cp-link=\"1\" href=\"https:\/\/rosmuhendislik.com\/en\/keba\/\" class=\"\" target=\"_self\" rel=\"noopener\"><img  decoding=\"async\" class=\"custom-image\" src=\"https:\/\/rosmuhendislik.com\/wp-content\/uploads\/2021\/02\/cropped-KEBA_logo_250x125.jpg\" title=\"cropped-KEBA_logo_250x125.jpg\" alt=\"\"><\/a><a  data-cp-link=\"1\" href=\"https:\/\/rosmuhendislik.com\/en\/remote\/mbconnect\/\" class=\"\" target=\"_self\" rel=\"noopener\"><img  decoding=\"async\" class=\"custom-image\" src=\"https:\/\/rosmuhendislik.com\/wp-content\/uploads\/2022\/04\/mbConnect.png\" title=\"Keba\" alt=\"\"><\/a><h6  class=\"\">MB Connect Line<\/h6> <\/div><div  class=\"col-xs-6 col-sm-2 col-md-2\"><a  data-cp-link=\"1\" href=\"https:\/\/rosmuhendislik.com\/en\/keba\/\" class=\"\" target=\"_self\" rel=\"noopener\"><img  decoding=\"async\" class=\"custom-image\" src=\"https:\/\/rosmuhendislik.com\/wp-content\/uploads\/2021\/02\/cropped-KEBA_logo_250x125.jpg\" title=\"cropped-KEBA_logo_250x125.jpg\" alt=\"\"><\/a><a  data-cp-link=\"1\" href=\"https:\/\/rosmuhendislik.com\/en\/remote\/secomea\/\" class=\"\" target=\"_self\" rel=\"noopener\"><img  decoding=\"async\" class=\"custom-image\" src=\"https:\/\/rosmuhendislik.com\/wp-content\/uploads\/2024\/11\/Secomea.png\" title=\"Keba\" alt=\"\"><\/a><h6  class=\"\">Secomea<\/h6> <\/div><div  class=\"col-xs-6 col-sm-2 col-md-2\"><a  data-cp-link=\"1\" href=\"https:\/\/rosmuhendislik.com\/en\/keba\/\" class=\"\" target=\"_self\" rel=\"noopener\"><img  decoding=\"async\" class=\"custom-image\" src=\"https:\/\/rosmuhendislik.com\/wp-content\/uploads\/2021\/02\/cropped-KEBA_logo_250x125.jpg\" title=\"cropped-KEBA_logo_250x125.jpg\" alt=\"\"><\/a><a  data-cp-link=\"1\" href=\"https:\/\/rosmuhendislik.com\/en\/pilz-2\/\" class=\"\" target=\"_self\" rel=\"noopener\"><img  decoding=\"async\" class=\"custom-image\" src=\"https:\/\/rosmuhendislik.com\/wp-content\/uploads\/2024\/10\/Pilz.png\" title=\"Keba\" alt=\"\"><\/a><h6  class=\"\">Pilz<\/h6> <\/div><div  class=\"col-xs-6 col-sm-2 col-md-2\"><a  data-cp-link=\"1\" href=\"https:\/\/rosmuhendislik.com\/en\/keba\/\" class=\"\" target=\"_self\" rel=\"noopener\"><img  decoding=\"async\" class=\"custom-image\" src=\"https:\/\/rosmuhendislik.com\/wp-content\/uploads\/2021\/02\/cropped-KEBA_logo_250x125.jpg\" title=\"cropped-KEBA_logo_250x125.jpg\" alt=\"\"><\/a><a  data-cp-link=\"1\" href=\"https:\/\/rosmuhendislik.com\/en\/neugart\/\" class=\"\" target=\"_self\" rel=\"noopener\"><img  decoding=\"async\" class=\"custom-image\" src=\"https:\/\/rosmuhendislik.com\/wp-content\/uploads\/2021\/06\/neugart.png\" title=\"Keba\" alt=\"\"><\/a><h6  class=\"\">NEUGART<\/h6> <\/div><\/div><\/div> <\/div><div  data-label=\"Referanslar\" data-id=\"features--2\" data-export-id=\"features-13-card-bordered\" data-category=\"features\" class=\"features-13 content-section content-section-spacing\" id=\"referanslar\" style=\"background-color: rgb(245, 250, 253);\"><div  class=\"gridContainer\"> <div  class=\"row text-center\"><div  class=\"section-title-col\" data-type=\"column\"> <h2  class=\"\">References | Our Customers<\/h2> <\/div> <\/div> <div  class=\"row spaced-cols content-center-sm\" data-type=\"row\">  <div  class=\"col-sm-4 col-md-2\"> <div  class=\"card bordered y-move\" data-type=\"column\">  <img  decoding=\"async\" class=\"custom-image\" src=\"https:\/\/rosmuhendislik.com\/wp-content\/uploads\/2023\/02\/durubulgur.png\" title=\"durubulgur\" alt=\"\">  <\/div> <\/div> <div  class=\"col-sm-4 col-md-2\"> <div  class=\"card bordered y-move\" data-type=\"column\">  <img  decoding=\"async\" class=\"custom-image\" src=\"https:\/\/rosmuhendislik.com\/wp-content\/uploads\/2023\/02\/Tukas.jpg\" title=\"Tuka\u015f\" alt=\"\">  <\/div> <\/div><div  class=\"col-sm-4 col-md-2\"> <div  class=\"card bordered y-move\" data-type=\"column\">  <img  decoding=\"async\" class=\"custom-image\" src=\"https:\/\/rosmuhendislik.com\/wp-content\/uploads\/2023\/02\/oyka-kagit-ambalaj.jpg\" title=\"oyka-kagit-ambalaj\" alt=\"\">  <\/div> <\/div><div  class=\"col-sm-4 col-md-2\"> <div  class=\"card bordered y-move\" data-type=\"column\">  <img  decoding=\"async\" class=\"custom-image\" src=\"https:\/\/rosmuhendislik.com\/wp-content\/uploads\/2023\/02\/Parsan.png\" title=\"Parsan\" alt=\"\">  <\/div> <\/div><div  class=\"col-sm-4 col-md-2\"> <div  class=\"card bordered y-move\" data-type=\"column\">  <img  decoding=\"async\" class=\"custom-image\" src=\"https:\/\/rosmuhendislik.com\/wp-content\/uploads\/2024\/10\/Denso_Otomotiv.jpg\" title=\"Denso Otomotiv\" alt=\"\">  <\/div> <\/div><div  class=\"col-sm-4 col-md-2\"> <div  class=\"card bordered y-move\" data-type=\"column\">  <img  decoding=\"async\" class=\"custom-image\" src=\"https:\/\/rosmuhendislik.com\/wp-content\/uploads\/2024\/01\/Europen.png\" title=\"Europen\" alt=\"\">  <\/div> <\/div><div  class=\"col-sm-4 col-md-2\"> <div  class=\"card bordered y-move\" data-type=\"column\">  <img  decoding=\"async\" class=\"custom-image\" src=\"https:\/\/rosmuhendislik.com\/wp-content\/uploads\/2023\/02\/Hurmak.png\" title=\"Hurmak\" alt=\"\">  <\/div> <\/div><div  class=\"col-sm-4 col-md-2\"> <div  class=\"card bordered y-move\" data-type=\"column\">  <img  decoding=\"async\" class=\"custom-image\" src=\"https:\/\/rosmuhendislik.com\/wp-content\/uploads\/2023\/02\/Optimak-Stu.png\" title=\"Optimak-Stu\" alt=\"\">  <\/div> <\/div><div  class=\"col-sm-4 col-md-2\"> <div  class=\"card bordered y-move\" data-type=\"column\">  <img  decoding=\"async\" class=\"custom-image\" src=\"https:\/\/rosmuhendislik.com\/wp-content\/uploads\/2023\/02\/UnoGroup.png\" title=\"UnoGroup\" alt=\"\">  <\/div> <\/div><div  class=\"col-sm-4 col-md-2\"> <div  class=\"card bordered y-move\" data-type=\"column\">  <img  decoding=\"async\" class=\"custom-image\" src=\"https:\/\/rosmuhendislik.com\/wp-content\/uploads\/2023\/02\/rollmech.png\" title=\"rollmech\" alt=\"\">  <\/div> <\/div><div  class=\"col-sm-4 col-md-2\"> <div  class=\"card bordered y-move\" data-type=\"column\">  <img  decoding=\"async\" class=\"custom-image\" src=\"https:\/\/rosmuhendislik.com\/wp-content\/uploads\/2023\/02\/Ditas.png\" title=\"Ditas\" alt=\"\">  <\/div> <\/div><div  class=\"col-sm-4 col-md-2\"> <div  class=\"card bordered y-move\" data-type=\"column\">  <img  decoding=\"async\" class=\"custom-image\" src=\"https:\/\/rosmuhendislik.com\/wp-content\/uploads\/2023\/02\/ArslanKalip.png\" title=\"ArslanKalip\" alt=\"\">  <\/div> <\/div><\/div> <\/div><\/div>","protected":false},"excerpt":{"rendered":"<p>\u00c7\u00f6z\u00fcmler ve Hizmetler&nbsp; End\u00fcstriyel robotik sistemler, servo motorlu makinalar, plastik enjesiyon makinalar\u0131, genel makina otomasyonu ve end\u00fcstride dijitalle\u015fme konular\u0131nda anahtar teslim projelendirme, m\u00fchendislik ve devreye alma hizmetleri ile End\u00fcstriyel \u00fcr\u00fcn ve yedek par\u00e7a tedarik hizmeti sunmaktay\u0131z. Otomasyon &amp; Hareket Kontrol Servo motorlu uygulama ve Di\u011fer Otomasyon uygulamar\u0131nda, Elektrik Pano ve Projelendirme dahil, anahtar teslim makina&hellip; <br \/> <a class=\"read-more\" href=\"https:\/\/rosmuhendislik.com\/en\/\">Read more<\/a><\/p>","protected":false},"author":1,"featured_media":0,"parent":0,"menu_order":0,"comment_status":"closed","ping_status":"closed","template":"page-templates\/homepage.php","meta":{"footnotes":""},"class_list":["post-11","page","type-page","status-publish","hentry"],"_links":{"self":[{"href":"https:\/\/rosmuhendislik.com\/en\/wp-json\/wp\/v2\/pages\/11","targetHints":{"allow":["GET"]}}],"collection":[{"href":"https:\/\/rosmuhendislik.com\/en\/wp-json\/wp\/v2\/pages"}],"about":[{"href":"https:\/\/rosmuhendislik.com\/en\/wp-json\/wp\/v2\/types\/page"}],"author":[{"embeddable":true,"href":"https:\/\/rosmuhendislik.com\/en\/wp-json\/wp\/v2\/users\/1"}],"replies":[{"embeddable":true,"href":"https:\/\/rosmuhendislik.com\/en\/wp-json\/wp\/v2\/comments?post=11"}],"version-history":[{"count":97,"href":"https:\/\/rosmuhendislik.com\/en\/wp-json\/wp\/v2\/pages\/11\/revisions"}],"predecessor-version":[{"id":2323,"href":"https:\/\/rosmuhendislik.com\/en\/wp-json\/wp\/v2\/pages\/11\/revisions\/2323"}],"wp:attachment":[{"href":"https:\/\/rosmuhendislik.com\/en\/wp-json\/wp\/v2\/media?parent=11"}],"curies":[{"name":"wp","href":"https:\/\/api.w.org\/{rel}","templated":true}]}}