{"id":2118,"date":"2025-12-15T23:30:48","date_gmt":"2025-12-15T20:30:48","guid":{"rendered":"https:\/\/rosmuhendislik.com\/?page_id=2118"},"modified":"2026-04-10T22:54:52","modified_gmt":"2026-04-10T19:54:52","slug":"beckhoff-main","status":"publish","type":"page","link":"https:\/\/rosmuhendislik.com\/en\/beckhoff-main\/","title":{"rendered":"Beckhoff"},"content":{"rendered":"<div data-label=\"About\" data-id=\"about--1\" data-export-id=\"about-9\" data-category=\"about\" class=\"about-9 content-section content-section-spacing\" id=\"about-1\"  style=\"background-color: rgb(255, 255, 255);\"><div class=\"gridContainer\" > <div class=\"row middle-sm text-center\" ><div class=\"col-sm-5 space-bottom-xs content-column content-right-sm\" data-type=\"column\" >  <h2 class=\"\"  style=\"border-bottom-color: rgb(221, 51, 51);\">Beckhoff New Automation Technology: A decisive step ahead with PC-based control and EtherCAT!<\/h2> <p class=\"\" >Makina otomasyonunda kendini kan\u0131tlam\u0131\u015f Alman Beckhoff ile anahtar teslim projelendirme ve di\u011fer ihtiya\u00e7alar\u0131n\u0131z buraday\u0131z!<\/p> <a class=\"button color8\" href=\"mailto:info@rosmuhendislik.com\"  target=\"_self\" data-cp-link=\"1\" data-icon=\"fa-envelope-o\"><span class=\"button-icon fa fa-envelope-o\" ><\/span>Get detailed information and a quote!<\/a><\/div> <div class=\"col-sm-7 flexbox flexbox middle-xs center-xs space-bottom-xs\" ><div class=\"overlay-box flexbox middle-xs center-xs overlay-holder\" > <div class=\"overlay-box-offset offset-background shadow-medium bg-color2 hide-xs\" ><\/div> <img decoding=\"async\" class=\"flexbox shadow-large img1\" src=\"https:\/\/rosmuhendislik.com\/wp-content\/uploads\/2026\/04\/Beckhoff.jpg\" data-size=\"600x400\"  title=\"Beckhoff\" alt=\"Beckhoff\"><\/div> <\/div><\/div> <\/div><\/div><div data-label=\"Content\" data-id=\"content--1\" data-export-id=\"content-8\" data-category=\"content\" class=\"content-8 content-section content-section-spacing\" id=\"content-1\"  style=\"background-color: rgb(245, 250, 253);\"><div class=\"gridContainer\" > <div class=\"row middle-sm\" ><div class=\"col-sm-6 space-bottom-xs space-top-xs\" data-type=\"column\" > <img decoding=\"async\" class=\"shadow-large\" src=\"https:\/\/rosmuhendislik.com\/wp-content\/uploads\/2026\/04\/cropped-cropped-cpu.webp\"  title=\"cropped-cropped-cpu.webp\" alt=\"\"><\/div> <div class=\"col-sm-6\" data-type=\"column\" ><h2 class=\"\" >Scalable Industrial PC solutions&nbsp;<\/h2> <p class=\"\" >Panel PCs<br >\nThe Beckhoff Panel PCs, in the versions as built-in devices or mounting arm devices in IP65, combine modern touch technologies with flexible computing power.<br >\nPCs<br >\nWith self-developed and produced motherboards, the Beckhoff Industrial PCs combine performance with flexibility, stability, and long-term availability.<br >\nControl Panels<br >\nAs the front end of a machine, the Beckhoff Control Panels are its visual and functional business card and allow a wide range of customer-specific adaptations.<br >\nEmbedded PC CX<br >\nWith the CX series of Embedded PCs, Beckhoff has combined PC technology and modular I\/O level to form a space-saving DIN rail unit in the control cabinet.<\/p> <a class=\"button color8\" href=\"mailto:info@rosmuhendislik.com\"  target=\"_self\" data-cp-link=\"1\" data-icon=\"\">Get detailed information and a quote!<\/a><\/div> <\/div><\/div> <\/div><div data-label=\"Content\" data-id=\"content--2\" data-export-id=\"content-7\" data-category=\"content\" class=\"content-7 content-section content-section-spacing\" id=\"content-2\"  style=\"background-color: rgb(255, 255, 255);\"><div class=\"gridContainer\" > <div class=\"row middle-sm\" ><div class=\"col-sm-6 space-bottom-xs\" data-type=\"column\" > <h2 class=\"\" >Fieldbus components for all common I\/Os and fieldbus systems<\/h2> <p class=\"\" >EtherCAT Terminals<br >\nThe EtherCAT Terminal system provides a comprehensive range of products for all signals in the world of automation.<br >\nEtherCAT Box<br >\nEtherCAT high-performance directly in the field: Beckhoff offers an I\/O system in IP67 with the EtherCAT Box modules.<br >\nEtherCAT plug-in modules<br >\nThe EtherCAT plug-in modules reduce the wiring work and system installation time with standard machines.<br >\nBus Terminals<br >\nThe Bus Terminal system is an open and fieldbus-neutral I\/O system consisting of Bus Couplers and electronic terminal blocks.<br >\nFieldbus Box and IO-Link box<br >\nIP67 modules for open, standardized fieldbus systems as well as digital and analog IO-Link Box modules.<br >\nInfrastructure components<br >\nEthernet Switches, EtherCAT infrastructure and PCI\u2122\/PCIe\u00ae Fieldbus Cards form the backbone of industrial machine communication.<br >\nEtherCAT development products<br >\nWith the EtherCAT development products a simple and cost-effective integration of the technology into own products is possible.<br >\nMeasuring transformers<br >\nThe measuring transformers are reliable power sensors at field level in the PC-based control architecture.<br >\nPower supplies<br >\nCompact DIN rail power supplies for every application.<br >\nAccessories<br >\nComplete, practice-proven range of accessories with which all I\/O solutions can be optimally integrated.<\/p> <a class=\"button color8\" href=\"mailto:info@rosmuhendislik.com\"  target=\"_self\" data-cp-link=\"1\" data-icon=\"\">Get detailed information and a quote!<\/a><\/div> <div class=\"col-sm-6\" data-type=\"column\" > <img decoding=\"async\" class=\"shadow-large\" src=\"https:\/\/rosmuhendislik.com\/wp-content\/uploads\/2026\/04\/Beckhoff.jpg\"  title=\"Beckhoff\" alt=\"Beckhoff\"><\/div> <\/div><\/div> <\/div><div data-label=\"Content\" data-id=\"content--3\" data-export-id=\"content-8\" data-category=\"content\" class=\"content-8 content-section content-section-spacing\" id=\"content-3\"  style=\"background-color: rgb(245, 250, 253);\"><div class=\"gridContainer\" > <div class=\"row middle-sm\" ><div class=\"col-sm-6 space-bottom-xs space-top-xs\" data-type=\"column\" > <img decoding=\"async\" class=\"shadow-large\" src=\"https:\/\/rosmuhendislik.com\/wp-content\/uploads\/2026\/04\/cropped-am1000_ax1000_kv_dof_webp_85.webp\"  title=\"cropped-am1000_ax1000_kv_dof_webp_85.webp\" alt=\"\"><\/div> <div class=\"col-sm-6\" data-type=\"column\" ><h2 class=\"\" >Drive systems for highly dynamic positioning tasks<\/h2> <p class=\"\" >Variable frequency drives<br >\nThe compact, highly integrated variable frequency drives are particularly good for performing basic drive tasks cost-effectively.<br >\nServo drives<br >\nCompact stand-alone, double-axis or multi-axis servo drives for any application \u2013 TwinSAFE and multi-feedback interface are optionally selectable.<br >\nDistributed drive systems<br >\nThese highly efficient drive systems for modular and control cabinet-free machines combine the servo drive and motor in a single unit.<br >\nRotary servomotors<br >\nThe scalable series of permanent magnet-excited synchronous motors are suitable for a very wide range of applications.<\/p> <a class=\"button color8\" href=\"mailto:info@rosmuhendislik.com\"  target=\"_self\" data-cp-link=\"1\" data-icon=\"\">Get detailed information and a quote!<\/a><\/div> <\/div><\/div> <\/div><div data-label=\"Content\" data-id=\"content--4\" data-export-id=\"content-7\" data-category=\"content\" class=\"content-7 content-section content-section-spacing\" id=\"content-4\"  style=\"background-color: rgb(255, 255, 255);\"><div class=\"gridContainer\" > <div class=\"row middle-sm\" ><div class=\"col-sm-6 space-bottom-xs\" data-type=\"column\" > <h2 class=\"\" >Vision: Complete and system-integrated machine vision<\/h2> <p class=\"\" >Cameras<br >\nRobust cameras with highly flexible mounting options and a bandwidth of up to 2.5 Gbit\/s offer a range of services tailored to industrial PCs.<br >\nOptics<br >\nRobust, industrial-grade and investment-safe lenses guarantee easy handling and high availability.<br >\nIllumination<br >\nSpectrally adjustable, temperature-stable, and reliable illumination supports EtherCAT-based applications.<br >\nUnits<br >\nStart industrial image processing immediately with the Vision Unit Illuminated (VUI)<br >\nVision-specific accessories<br >\nComplete, tried and tested range of accessories that optimally integrates the vision hardware.<br >\nTwinCAT Vision<br >\nTwinCAT Vision integrates image processing into the TwinCAT world.<\/p> <a class=\"button color8\" href=\"mailto:info@rosmuhendislik.com\"  target=\"_self\" data-cp-link=\"1\" data-icon=\"\">Get detailed information and a quote!<\/a><\/div> <div class=\"col-sm-6\" data-type=\"column\" > <img decoding=\"async\" class=\"shadow-large\" src=\"https:\/\/rosmuhendislik.com\/wp-content\/uploads\/2026\/04\/beckhoff_vision.png\"  title=\"beckhoff_vision\" alt=\"\"><\/div> <\/div><\/div> <\/div>","protected":false},"excerpt":{"rendered":"<p>Beckhoff New Automation Technology: A decisive step ahead with PC-based control and EtherCAT! Makina otomasyonunda kendini kan\u0131tlam\u0131\u015f Alman Beckhoff ile anahtar teslim projelendirme ve di\u011fer ihtiya\u00e7alar\u0131n\u0131z buraday\u0131z! Detayl\u0131 bilgi ve teklif al\u0131n! Scalable Industrial PC solutions&nbsp; Panel PCs The Beckhoff Panel PCs, in the versions as built-in devices or mounting arm devices in IP65, combine&hellip; <br \/> <a class=\"read-more\" href=\"https:\/\/rosmuhendislik.com\/en\/beckhoff-main\/\">Read more<\/a><\/p>","protected":false},"author":3,"featured_media":0,"parent":0,"menu_order":0,"comment_status":"closed","ping_status":"closed","template":"pro\/page-templates\/full-width-page.php","meta":{"footnotes":""},"class_list":["post-2118","page","type-page","status-publish","hentry"],"_links":{"self":[{"href":"https:\/\/rosmuhendislik.com\/en\/wp-json\/wp\/v2\/pages\/2118","targetHints":{"allow":["GET"]}}],"collection":[{"href":"https:\/\/rosmuhendislik.com\/en\/wp-json\/wp\/v2\/pages"}],"about":[{"href":"https:\/\/rosmuhendislik.com\/en\/wp-json\/wp\/v2\/types\/page"}],"author":[{"embeddable":true,"href":"https:\/\/rosmuhendislik.com\/en\/wp-json\/wp\/v2\/users\/3"}],"replies":[{"embeddable":true,"href":"https:\/\/rosmuhendislik.com\/en\/wp-json\/wp\/v2\/comments?post=2118"}],"version-history":[{"count":10,"href":"https:\/\/rosmuhendislik.com\/en\/wp-json\/wp\/v2\/pages\/2118\/revisions"}],"predecessor-version":[{"id":2267,"href":"https:\/\/rosmuhendislik.com\/en\/wp-json\/wp\/v2\/pages\/2118\/revisions\/2267"}],"wp:attachment":[{"href":"https:\/\/rosmuhendislik.com\/en\/wp-json\/wp\/v2\/media?parent=2118"}],"curies":[{"name":"wp","href":"https:\/\/api.w.org\/{rel}","templated":true}]}}