{"id":2186,"date":"2026-04-10T17:56:58","date_gmt":"2026-04-10T14:56:58","guid":{"rendered":"https:\/\/rosmuhendislik.com\/?page_id=2186"},"modified":"2026-04-15T19:52:54","modified_gmt":"2026-04-15T16:52:54","slug":"beverage-cans","status":"publish","type":"page","link":"https:\/\/rosmuhendislik.com\/en\/beverage-cans\/","title":{"rendered":"Beverage Cans"},"content":{"rendered":"<div  data-label=\"About\" data-id=\"about--1\" data-export-id=\"about-4\" data-category=\"about\" class=\"about-4 content-section content-section-spacing\" id=\"about-1\" style=\"background-color: rgb(255, 255, 255);\"><div  class=\"gridContainer\"> <div  class=\"row middle-sm text-center\"><div  class=\"col-sm-5 space-bottom-xs\" data-type=\"column\"> <h5  class=\"\">Beverage Cans<\/h5> <h2  class=\"\">Beverage Cans <\/h2> <p  class=\"\" style=\"text-align: justify;\">Metal Ambalaj \u00c7\u00f6z\u00fcmlerinde M\u00fchendislik ve Tecr\u00fcbe<br >\n\u0130\u00e7ecek kutusu \u00fcretim teknolojilerinde uzun y\u0131llara dayanan saha tecr\u00fcbemizle, y\u00fcksek h\u0131zl\u0131 &#8220;Two-Piece&#8221; (iki par\u00e7al\u0131) kutu hatlar\u0131n\u0131n kurulumu, optimizasyonu ve operasyonel s\u00fcre\u00e7lerinde uzmanla\u015fm\u0131\u015f bir ekibiz. Sekt\u00f6r\u00fcn d\u00fcnya standartlar\u0131n\u0131 belirleyen DynaForm cupping sistemlerinden, y\u00fcksek hassasiyetli Standun ve Ragsdale bodymaker (g\u00f6vde yap\u0131c\u0131) \u00fcnitelerine kadar t\u00fcm kritik ekipman gruplar\u0131nda derin bir teknik birikime sahibiz. Amac\u0131m\u0131z, m\u00fc\u015fterilerimize sadece bir makine hatt\u0131 de\u011fil; verimlili\u011fi maksimize edilmi\u015f, duru\u015f s\u00fcreleri minimize edilmi\u015f ve s\u00fcrd\u00fcr\u00fclebilir bir \u00fcretim ekosistemi sunmakt\u0131r.<br >\n\u00dcretim hatt\u0131n\u0131n her a\u015famas\u0131nda; levha giri\u015finden itibaren cupper press i\u015flemleri, g\u00f6vde formunu veren ironing s\u00fcre\u00e7leri, washer (y\u0131kama) ve decorator (dekorasyon\/bask\u0131) a\u015famalar\u0131ndaki hassas ayarlar konusunda profesyonel destek sa\u011fl\u0131yoruz. \u00d6zellikle kutu a\u011f\u0131z yap\u0131s\u0131n\u0131 \u015fekillendiren necker sistemleri ve s\u0131zd\u0131rmazl\u0131k kalitesini belirleyen light tester denetim a\u015famalar\u0131nda, ekibimizin sahip oldu\u011fu saha deneyimi, hatt\u0131n hedeflenen CPM (dakikadaki kutu say\u0131s\u0131) de\u011ferlerine sorunsuz ula\u015fmas\u0131n\u0131 garanti eder.<br >\nSekt\u00f6r\u00fcn dinamik yap\u0131s\u0131na uygun olarak, yeni hat kurulumlar\u0131n\u0131n yan\u0131 s\u0131ra mevcut hatlar\u0131n modernizasyonu ve performans iyile\u015ftirmeleri (retrofit) konular\u0131nda da \u00e7\u00f6z\u00fcm orta\u011f\u0131n\u0131z oluyoruz. Metal ambalaj sekt\u00f6r\u00fcndeki k\u00fcresel trendleri ve Stolle gibi d\u00fcnya devlerinin teknolojik standartlar\u0131n\u0131 yak\u0131ndan takip ederek, operasyonel m\u00fckemmelli\u011fi teknik yetkinli\u011fimizle birle\u015ftiriyoruz. Gelece\u011fin i\u00e7ecek ambalaj\u0131 \u00fcretiminde, tecr\u00fcbemizle yan\u0131n\u0131zday\u0131z.<\/p> <a  class=\"button color1\" href=\"#\">GET STARTED NOW<\/a><\/div> <div  class=\"col-sm-7 flexbox center-xs middle-xs image-group-2-img\"> <img  decoding=\"async\" class=\"img-1 shadow-large\" data-size=\"250x200\" src=\"https:\/\/rosmuhendislik.com\/wp-content\/uploads\/2026\/04\/can_ba2.jpg\" title=\"can_ba2\" alt=\"\"> <img  decoding=\"async\" class=\"img-2 shadow-large\" data-size=\"220x170\" src=\"https:\/\/rosmuhendislik.com\/wp-content\/uploads\/2026\/04\/can_ba.jpg\" title=\"can_ba\" alt=\"\"><\/div> <\/div><\/div> <\/div><div data-label=\"Content\" data-id=\"content--1\" data-export-id=\"content-2\" data-category=\"content\" class=\"content-2 content-section content-section-spacing\" id=\"content-1\"  style=\"background-color: rgb(245, 250, 253);\"><div > <div class=\"row middle-xs\" ><div class=\"col-sm-5 bg-image shadow-large-black\" data-bg=\"image\"  style=\"background-image: url(&quot;https:\/\/rosmuhendislik.com\/wp-content\/uploads\/2026\/04\/can_ba2.jpg&quot;);\"><\/div> <div class=\"col-sm-7 full-col-left-padding full-col-right-padding\" > <div class=\"row\" > <div data-type=\"column\" class=\"space-bottom-small content-title-col\" >  <h2 class=\"\" >\u00d6ne \u00c7\u0131kan Teknik Ba\u015fl\u0131klar<\/h2> <\/div> <\/div> <div class=\"row spaced-cols\" data-type=\"row\" > <div class=\"col-xs-6\" data-type=\"column\" > <h5 class=\"\" >D&amp;I (Drawn and Ironed)<\/h5> <p class=\"\" >Hat Kurulumu ve Y\u00f6netimi<\/p><\/div> <div class=\"col-xs-6\" data-type=\"column\" ><h5 class=\"\" >Cupping Systems<\/h5> <p class=\"\" >&nbsp;Y\u00fcksek h\u0131zl\u0131 levha kesim ve ilk form verme<\/p><\/div> <div class=\"col-xs-6\" data-type=\"column\" ><h5 class=\"\" >Bodymakers &amp; Trimmers<\/h5> <p class=\"\" >:G\u00f6vde uzatma ve kenar kesme hassasiyeti<\/p><\/div> <div class=\"col-xs-6\" data-type=\"column\" ><h5 class=\"\" >Decorator &amp; Coating<\/h5> <p class=\"\" >&nbsp;\u00c7ok renkli y\u00fcksek h\u0131zl\u0131 bask\u0131 ve laklama teknolojileri<\/p><\/div> <div class=\"col-xs-6\" data-type=\"column\" > <h5 class=\"\" >Necker &amp; Flanger<\/h5> <p class=\"\" >&nbsp;Kutu a\u011fz\u0131 daraltma ve kapak \u00f6ncesi form verme s\u00fcre\u00e7leri<\/p><\/div><\/div><\/div> <\/div><\/div> <\/div>","protected":false},"excerpt":{"rendered":"<p>Beverage Cans Beverage Cans Metal Ambalaj \u00c7\u00f6z\u00fcmlerinde M\u00fchendislik ve Tecr\u00fcbe \u0130\u00e7ecek kutusu \u00fcretim teknolojilerinde uzun y\u0131llara dayanan saha tecr\u00fcbemizle, y\u00fcksek h\u0131zl\u0131 &#8220;Two-Piece&#8221; (iki par\u00e7al\u0131) kutu hatlar\u0131n\u0131n kurulumu, optimizasyonu ve operasyonel s\u00fcre\u00e7lerinde uzmanla\u015fm\u0131\u015f bir ekibiz. Sekt\u00f6r\u00fcn d\u00fcnya standartlar\u0131n\u0131 belirleyen DynaForm cupping sistemlerinden, y\u00fcksek hassasiyetli Standun ve Ragsdale bodymaker (g\u00f6vde yap\u0131c\u0131) \u00fcnitelerine kadar t\u00fcm kritik ekipman gruplar\u0131nda&hellip; <br \/> <a class=\"read-more\" href=\"https:\/\/rosmuhendislik.com\/en\/beverage-cans\/\">Read more<\/a><\/p>","protected":false},"author":3,"featured_media":0,"parent":0,"menu_order":0,"comment_status":"closed","ping_status":"closed","template":"pro\/page-templates\/full-width-page.php","meta":{"footnotes":""},"class_list":["post-2186","page","type-page","status-publish","hentry"],"_links":{"self":[{"href":"https:\/\/rosmuhendislik.com\/en\/wp-json\/wp\/v2\/pages\/2186","targetHints":{"allow":["GET"]}}],"collection":[{"href":"https:\/\/rosmuhendislik.com\/en\/wp-json\/wp\/v2\/pages"}],"about":[{"href":"https:\/\/rosmuhendislik.com\/en\/wp-json\/wp\/v2\/types\/page"}],"author":[{"embeddable":true,"href":"https:\/\/rosmuhendislik.com\/en\/wp-json\/wp\/v2\/users\/3"}],"replies":[{"embeddable":true,"href":"https:\/\/rosmuhendislik.com\/en\/wp-json\/wp\/v2\/comments?post=2186"}],"version-history":[{"count":7,"href":"https:\/\/rosmuhendislik.com\/en\/wp-json\/wp\/v2\/pages\/2186\/revisions"}],"predecessor-version":[{"id":2365,"href":"https:\/\/rosmuhendislik.com\/en\/wp-json\/wp\/v2\/pages\/2186\/revisions\/2365"}],"wp:attachment":[{"href":"https:\/\/rosmuhendislik.com\/en\/wp-json\/wp\/v2\/media?parent=2186"}],"curies":[{"name":"wp","href":"https:\/\/api.w.org\/{rel}","templated":true}]}}