{"id":2209,"date":"2026-04-10T21:52:14","date_gmt":"2026-04-10T18:52:14","guid":{"rendered":"https:\/\/rosmuhendislik.com\/?page_id=2209"},"modified":"2026-04-10T22:33:18","modified_gmt":"2026-04-10T19:33:18","slug":"proses-otomasyon","status":"publish","type":"page","link":"https:\/\/rosmuhendislik.com\/en\/proses-otomasyon\/","title":{"rendered":"Process Automation"},"content":{"rendered":"<div  data-label=\"Features\" data-id=\"features--1\" data-export-id=\"features-16-card-bordered\" data-category=\"features\" class=\"features-16-card-bordered content-section content-section-spacing\" id=\"features-1\" style=\"background-color: rgb(245, 250, 253);\"><div  class=\"gridContainer\"> <div  class=\"row text-center\"><div  class=\"section-title-col\" data-type=\"column\"> <h2  class=\"\" style=\"border-bottom-color: rgb(3, 169, 244);\">Proses Otomasyonu \u00c7\u00f6z\u00fcmlerimiz<\/h2> <p  class=\"lead\">End\u00fcstriyel otomasyon alan\u0131ndaki deneyimimizle, farkl\u0131 sekt\u00f6rlerde y\u00fcksek verimlilik, g\u00fcvenilirlik ve s\u00fcrd\u00fcr\u00fclebilirlik sa\u011flayan anahtar teslim \u00e7\u00f6z\u00fcmler sunuyoruz. Proseslerinizi u\u00e7tan uca kontrol alt\u0131na alarak \u00fcretim kalitenizi art\u0131r\u0131yor, enerji verimlili\u011fini optimize ediyor ve operasyonel maliyetlerinizi d\u00fc\u015f\u00fcr\u00fcyoruz.<\/p><\/div> <\/div> <div  class=\"row spaced-cols center-sm\" data-type=\"row\"> <div  class=\"col-xs-12 col-sm-6 col-md-4\"> <div  class=\"card no-padding bordered y-move\"> <img decoding=\"async\"  class=\"face\" src=\"https:\/\/rosmuhendislik.com\/wp-content\/uploads\/2026\/04\/pro-can.png\" title=\"pro-can\" alt=\"\"> <div  data-type=\"column\" class=\"col-padding-small col-padding-small-xs description-container\"> <h4  class=\"font-500\">\u0130\u00e7ecek Al\u00fcminyum Kutu Sekt\u00f6r\u00fc<\/h4> <p  class=\"\">Metal ambalaj \u00fcretim hatlar\u0131nda y\u00fcksek h\u0131z ve hassasiyet gerektiren proseslere y\u00f6nelik otomasyon \u00e7\u00f6z\u00fcmleri sunuyoruz.<br >\nHat senkronizasyonu, kalite kontrol, izleme ve raporlama sistemleri ile \u00fcretim s\u00fcre\u00e7lerinizin kesintisiz ve verimli \u00e7al\u0131\u015fmas\u0131n\u0131 sa\u011fl\u0131yoruz.<br >\nMakinalar aras\u0131 haberle\u015fme(Cupper \u2013 Bodymaker \u2013 Washer vb.)  , konvey\u00f6r sistemlerinin makinalar ile haberle\u015ftirilmesi ve kontrol algoritmalar\u0131.<\/p><\/div> <div  data-type=\"column\" class=\"col-padding-small col-padding-small-xs read-more-container\"><a  class=\"read-more\" href=\"https:\/\/rosmuhendislik.com\/en\/beverage-cans\/\" target=\"_self\" data-cp-link=\"1\">learn more<\/a><\/div> <\/div><\/div> <div  class=\"col-xs-12 col-sm-6 col-md-4\"><div  class=\"card no-padding bordered y-move\"> <img decoding=\"async\"  class=\"face\" src=\"https:\/\/rosmuhendislik.com\/wp-content\/uploads\/2026\/04\/pro-maden.png\" title=\"pro-maden\" alt=\"\"> <div  data-type=\"column\" class=\"col-padding-small col-padding-small-xs description-container\"> <h4  class=\"font-500\">Maden Sekt\u00f6r\u00fc<\/h4> <p  class=\"\">Zorlu \u00e7al\u0131\u015fma ko\u015fullar\u0131na sahip maden sahalar\u0131nda, dayan\u0131kl\u0131 ve g\u00fcvenilir otomasyon sistemleri geli\u015ftiriyoruz.<br >\nK\u0131rma, eleme, ta\u015f\u0131ma ve proses kontrol sistemlerinde u\u00e7tan uca otomasyon sa\u011flayarak enerji verimlili\u011fini ve operasyonel s\u00fcreklili\u011fi art\u0131r\u0131yoruz<\/p><\/div> <div  data-type=\"column\" class=\"col-padding-small col-padding-small-xs read-more-container\"><a  class=\"read-more\" href=\"mailto:info@rosmuhendislik.com\" target=\"_self\" data-cp-link=\"1\">learn more<\/a><\/div> <\/div><\/div> <div  class=\"col-xs-12 col-sm-6 col-md-4\"><div  class=\"card no-padding bordered y-move\"> <img decoding=\"async\"  class=\"face\" src=\"https:\/\/rosmuhendislik.com\/wp-content\/uploads\/2026\/04\/pro-su.png\" title=\"pro-su\" alt=\"\"> <div  data-type=\"column\" class=\"col-padding-small col-padding-small-xs description-container\"> <h4  class=\"font-500\">\u0130leri \u0130\u00e7me Suyu Ar\u0131tma Tesisleri<\/h4> <p  class=\"\">Su ar\u0131tma proseslerinde y\u00fcksek hassasiyet ve g\u00fcvenilirlik sunan otomasyon sistemleri tasarl\u0131yoruz.<br >\nKimyasal dozajlama, filtrasyon, pompa kontrol\u00fc ve proses izleme \u00e7\u00f6z\u00fcmleri ile su kalitesinin s\u00fcrekli ve standartlara uygun olmas\u0131n\u0131 sa\u011fl\u0131yoruz.<\/p><\/div> <div  data-type=\"column\" class=\"col-padding-small col-padding-small-xs read-more-container\"><a  class=\"read-more\" href=\"mailto:info@rosmuhendislik.com\" target=\"_self\" data-cp-link=\"1\">learn more<\/a><\/div> <\/div><\/div> <div  class=\"col-xs-12 col-sm-6 col-md-4\"> <div  class=\"card no-padding bordered y-move\"> <img decoding=\"async\"  class=\"face\" src=\"https:\/\/rosmuhendislik.com\/wp-content\/uploads\/2026\/04\/pro-scade.png\" title=\"pro-scade\" alt=\"\"> <div  data-type=\"column\" class=\"col-padding-small col-padding-small-xs description-container\"> <h4  class=\"font-500\">SCADA Sistemleri<\/h4> <p  class=\"\">T\u00fcm tesisinizi tek bir merkezden izleyip kontrol edebilece\u011finiz SCADA \u00e7\u00f6z\u00fcmleri sunuyoruz.<br >\nGer\u00e7ek zamanl\u0131 veri takibi, alarm y\u00f6netimi, raporlama ve uzaktan eri\u015fim \u00f6zellikleri ile i\u015fletmenize tam kontrol ve \u015feffafl\u0131k kazand\u0131r\u0131yoruz.<\/p><\/div> <div  data-type=\"column\" class=\"col-padding-small col-padding-small-xs read-more-container\"><a  class=\"read-more\" href=\"mailto:info@rosmuhendislik.com\" target=\"_self\" data-cp-link=\"1\">learn more<\/a><\/div> <\/div><\/div><div  class=\"col-xs-12 col-sm-6 col-md-4\"> <div  class=\"card no-padding bordered y-move\"> <img decoding=\"async\"  class=\"face\" src=\"https:\/\/rosmuhendislik.com\/wp-content\/uploads\/2026\/04\/pro-mcc.png\" title=\"pro-mcc\" alt=\"\"> <div  data-type=\"column\" class=\"col-padding-small col-padding-small-xs description-container\"> <h4  class=\"font-500\">PLC ve MCC Otomasyon Panolar\u0131<\/h4> <p  class=\"\">End\u00fcstriyel tesisler i\u00e7in y\u00fcksek kalite standartlar\u0131nda PLC ve MCC (Motor Control Center) panolar\u0131 tasarl\u0131yor ve \u00fcretiyoruz.<br >\nPLC tabanl\u0131 kontrol sistemleri ile proseslerinizi ak\u0131ll\u0131 hale getirirken, MCC panolar\u0131 ile motor kontrol\u00fcn\u00fc g\u00fcvenli, d\u00fczenli ve verimli \u015fekilde y\u00f6netiyoruz. Projeye \u00f6zel pano tasar\u0131m\u0131, saha entegrasyonu ve devreye alma hizmetleri sunuyoruz.<\/p><\/div> <div  data-type=\"column\" class=\"col-padding-small col-padding-small-xs read-more-container\"><a  class=\"read-more\" href=\"mailto:info@rosmuhendislik.com\" target=\"_self\" data-cp-link=\"1\">learn more<\/a><\/div> <\/div><\/div><\/div><\/div> <\/div><div  data-label=\"Gallery\" data-id=\"gallery--1\" data-export-id=\"gallery-1\" data-category=\"gallery\" class=\"gallery-1 content-section content-section-spacing\" id=\"gallery-1\" style=\"background-color: rgb(255, 255, 255);\"><div  class=\"gridContainer\"> <div  class=\"row\"><div  class=\"section-title-col\" data-type=\"column\"> <h2  class=\"\">Gallery<\/h2> <p  class=\"lead\">Uygulamalar\u0131m\u0131zdan baz\u0131lar\u0131<\/p><\/div> <\/div> <div  class=\"row text-center\"> <div  class=\"col-xs-12\" data-editable=\"true\" data-content-shortcode=\"mesmerize_gallery id=&quot;mesmerize-gallery-1&quot; columns=&quot;4&quot; ids=&quot;223,2239&quot; lb=&quot;1&quot; masonry=&quot;1&quot; size=&quot;medium&quot; link=&quot;file&quot; \"><div id='mesmerize-gallery-1' class='gallery-wrapper'><style type=\"text\/css\">\n                    @media only screen and (min-width: 768px) {\n                    [data-unique-id='mesmerize-gallery-1-69e032d8710f1'] dl {\n                        float: left;\n                        width: 25% !important;\n                        max-width:  25% !important;\n                        min-width:  25% !important;\n                    }\n\n                    [data-unique-id='mesmerize-gallery-1-69e032d8710f1'] dl:nth-of-type(4n +1 ) {\n                      clear: both;\n                      }\n                    }\n                <\/style><div id='mesmerize-gallery-1' class='mesmerize-gallery-1-dls-wrapper gallery-items-wrapper materialis-gallery' data-unique-id='mesmerize-gallery-1-69e032d8710f1'><dl class='gallery-item'>\n\t\t\t<dt class='gallery-icon landscape'>\n\t\t\t\t<a data-fancybox=\"mesmerize-gallery-1-group\" href='https:\/\/rosmuhendislik.com\/wp-content\/uploads\/2021\/02\/Ekran-goruntusu-2021-02-03-220436.png'><img loading=\"lazy\" decoding=\"async\"  width=\"300\" height=\"218\" src=\"https:\/\/rosmuhendislik.com\/wp-content\/uploads\/2021\/02\/Ekran-goruntusu-2021-02-03-220436-300x218.png\"  class='mesmerize-gallery-1-image' alt=\"\" srcset=\"https:\/\/rosmuhendislik.com\/wp-content\/uploads\/2021\/02\/Ekran-goruntusu-2021-02-03-220436-300x218.png 300w, https:\/\/rosmuhendislik.com\/wp-content\/uploads\/2021\/02\/Ekran-goruntusu-2021-02-03-220436.png 400w\" sizes=\"auto, (max-width: 300px) 100vw, 300px\" \/><\/a>\n\t\t\t<\/dt><\/dl><dl class='gallery-item'>\n\t\t\t<dt class='gallery-icon landscape'>\n\t\t\t\t<a data-fancybox=\"mesmerize-gallery-1-group\" href='https:\/\/rosmuhendislik.com\/wp-content\/uploads\/2026\/04\/can_ba.jpg'><img loading=\"lazy\" decoding=\"async\"  width=\"300\" height=\"169\" src=\"https:\/\/rosmuhendislik.com\/wp-content\/uploads\/2026\/04\/can_ba-300x169.jpg\"  class='mesmerize-gallery-1-image' alt=\"\" srcset=\"https:\/\/rosmuhendislik.com\/wp-content\/uploads\/2026\/04\/can_ba-300x169.jpg 300w, https:\/\/rosmuhendislik.com\/wp-content\/uploads\/2026\/04\/can_ba-1024x576.jpg 1024w, https:\/\/rosmuhendislik.com\/wp-content\/uploads\/2026\/04\/can_ba-768x432.jpg 768w, https:\/\/rosmuhendislik.com\/wp-content\/uploads\/2026\/04\/can_ba-18x10.jpg 18w, https:\/\/rosmuhendislik.com\/wp-content\/uploads\/2026\/04\/can_ba.jpg 1200w\" sizes=\"auto, (max-width: 300px) 100vw, 300px\" \/><\/a>\n\t\t\t<\/dt><\/dl>\n\t\t\t\n\t\t<\/div>\n<script>(function($){window.MaterialisCaptionsGallery && window.MaterialisCaptionsGallery($('[data-unique-id=\"mesmerize-gallery-1-69e032d8710f1\"]'))})(jQuery)<\/script><\/div><\/div><\/div> <\/div><\/div>","protected":false},"excerpt":{"rendered":"<p>Proses Otomasyonu \u00c7\u00f6z\u00fcmlerimiz End\u00fcstriyel otomasyon alan\u0131ndaki deneyimimizle, farkl\u0131 sekt\u00f6rlerde y\u00fcksek verimlilik, g\u00fcvenilirlik ve s\u00fcrd\u00fcr\u00fclebilirlik sa\u011flayan anahtar teslim \u00e7\u00f6z\u00fcmler sunuyoruz. Proseslerinizi u\u00e7tan uca kontrol alt\u0131na alarak \u00fcretim kalitenizi art\u0131r\u0131yor, enerji verimlili\u011fini optimize ediyor ve operasyonel maliyetlerinizi d\u00fc\u015f\u00fcr\u00fcyoruz. \u0130\u00e7ecek Al\u00fcminyum Kutu Sekt\u00f6r\u00fc Metal ambalaj \u00fcretim hatlar\u0131nda y\u00fcksek h\u0131z ve hassasiyet gerektiren proseslere y\u00f6nelik otomasyon \u00e7\u00f6z\u00fcmleri sunuyoruz. Hat&hellip; <br \/> <a class=\"read-more\" href=\"https:\/\/rosmuhendislik.com\/en\/proses-otomasyon\/\">Read more<\/a><\/p>","protected":false},"author":3,"featured_media":0,"parent":0,"menu_order":0,"comment_status":"closed","ping_status":"closed","template":"pro\/page-templates\/full-width-page.php","meta":{"footnotes":""},"class_list":["post-2209","page","type-page","status-publish","hentry"],"_links":{"self":[{"href":"https:\/\/rosmuhendislik.com\/en\/wp-json\/wp\/v2\/pages\/2209","targetHints":{"allow":["GET"]}}],"collection":[{"href":"https:\/\/rosmuhendislik.com\/en\/wp-json\/wp\/v2\/pages"}],"about":[{"href":"https:\/\/rosmuhendislik.com\/en\/wp-json\/wp\/v2\/types\/page"}],"author":[{"embeddable":true,"href":"https:\/\/rosmuhendislik.com\/en\/wp-json\/wp\/v2\/users\/3"}],"replies":[{"embeddable":true,"href":"https:\/\/rosmuhendislik.com\/en\/wp-json\/wp\/v2\/comments?post=2209"}],"version-history":[{"count":11,"href":"https:\/\/rosmuhendislik.com\/en\/wp-json\/wp\/v2\/pages\/2209\/revisions"}],"predecessor-version":[{"id":2241,"href":"https:\/\/rosmuhendislik.com\/en\/wp-json\/wp\/v2\/pages\/2209\/revisions\/2241"}],"wp:attachment":[{"href":"https:\/\/rosmuhendislik.com\/en\/wp-json\/wp\/v2\/media?parent=2209"}],"curies":[{"name":"wp","href":"https:\/\/api.w.org\/{rel}","templated":true}]}}