{"id":304,"date":"2021-02-23T23:32:16","date_gmt":"2021-02-23T20:32:16","guid":{"rendered":"https:\/\/rosmuhendislik.com\/?page_id=304"},"modified":"2026-04-10T23:37:56","modified_gmt":"2026-04-10T20:37:56","slug":"robotik-sistemler","status":"publish","type":"page","link":"https:\/\/rosmuhendislik.com\/en\/mesmerize\/robotik-sistemler\/","title":{"rendered":"Turn-Key Robotic Applications"},"content":{"rendered":"<div data-label=\"About\" data-id=\"about--1\" data-export-id=\"about-9\" data-category=\"about\" class=\"about-9 content-section content-section-spacing\" id=\"about-1\"  style=\"background-color: rgb(245, 250, 253);\"><div class=\"gridContainer\" > <div class=\"row middle-sm text-center\" ><div class=\"col-sm-5 space-bottom-xs content-column content-right-sm\" data-type=\"column\" >  <h2 class=\"\"  style=\"border-bottom-color: rgb(3, 169, 244);\">Turn-Key Robotic Applicaitons<\/h2> <p class=\"translation-block\" >Kawasaki, Epson Robot,  ABB, KUKA  Robotlarla projeniz i\u00e7in en optimum konfig\u00fcrasyon ile \u00e7evre ekipmanlar\u0131 dahil robot h\u00fccresi olarak projelendirme ve devreye alma hizmeti veriyoruz.<br>\r\nROS M\u00fchendislik olarak, \u00f6zellikle paletleme, paketleme ve conta-mastik uygulamalar\u0131nda uzmanl\u0131\u011f\u0131 bulunmaktad\u0131r.<br>\r\nReferanslar\u0131m\u0131z ve tecr\u00fcbelerimiz i\u00e7in l\u00fctfen ileti\u015fime ge\u00e7iniz.<\/p> <a class=\"button color1\" href=\"mailto:info@rosmuhendislik.com\"  target=\"_self\" data-cp-link=\"1\" data-icon=\"fa-envelope-o\"><span class=\"button-icon fa fa-envelope-o\" ><\/span>Get detailed information and a quote!<\/a><\/div> <div class=\"col-sm-7 flexbox flexbox middle-xs center-xs space-bottom-xs\" ><div class=\"overlay-box flexbox middle-xs center-xs overlay-holder\" > <div class=\"overlay-box-offset shadow-medium bg-color2 hide-xs offset-background\" ><\/div> <img decoding=\"async\" class=\"flexbox shadow-large img1\" src=\"https:\/\/rosmuhendislik.com\/wp-content\/uploads\/2022\/10\/Why-Invest-in-Robotic-Automation.jpg\" data-size=\"600x400\"  title=\"Pal_rob\" alt=\"\"><\/div> <\/div><\/div> <\/div><\/div><div data-label=\"Features\" data-id=\"features--1\" data-export-id=\"features-16-card-bordered\" data-category=\"features\" class=\"features-16-card-bordered content-section content-section-spacing\" id=\"features-1\"  style=\"background-color: rgb(255, 255, 255);\"><div class=\"gridContainer\" > <div class=\"row text-center\" ><div class=\"section-title-col\" data-type=\"column\" > <h2 class=\"\"  style=\"border-bottom-color: rgb(52, 58, 64);\">Our Expertise Applications<\/h2> <\/div> <\/div> <div class=\"row spaced-cols content-center-sm\" data-type=\"row\" > <div class=\"col-xs-12 col-sm-6 col-md-4\" > <div class=\"card no-padding bordered y-move\" > <img decoding=\"async\" class=\"face\" src=\"https:\/\/rosmuhendislik.com\/wp-content\/uploads\/2026\/04\/robot_glue.png\"  title=\"robot_glue\" alt=\"\"> <div data-type=\"column\" class=\"col-padding-small col-padding-small-xs description-container\" > <h4 class=\"font-500\" >Sealant Applications<\/h4> <p class=\"\" >Turnkey project design for sealant-gasket and various dosing applications, including optional dosing systems.<\/p><\/div> <div data-type=\"column\" class=\"col-padding-small col-padding-small-xs read-more-container\" ><a class=\"read-more\" >learn more<\/a><\/div> <\/div><\/div> <div class=\"col-xs-12 col-sm-6 col-md-4\" ><div class=\"card no-padding bordered y-move\" > <img decoding=\"async\" class=\"face\" src=\"https:\/\/rosmuhendislik.com\/wp-content\/uploads\/2026\/04\/robot_iml.png\"  title=\"robot_iml\" alt=\"\"> <div data-type=\"column\" class=\"col-padding-small col-padding-small-xs description-container\" > <h4 class=\"font-500\" >Injection Molding Machine Take \nOut &amp; IML<\/h4> <p class=\"\" >Turnkey project solutions for plastic injection molding machines, including product takeout robots or dummy and magazine systems for In-Mold Labeling (IML) applications.<\/p><\/div> <div data-type=\"column\" class=\"col-padding-small col-padding-small-xs read-more-container\" ><a class=\"read-more\" >learn more<\/a><\/div> <\/div><\/div> <div class=\"col-xs-12 col-sm-6 col-md-4\" ><div class=\"card no-padding bordered y-move\" > <img decoding=\"async\" class=\"face\" src=\"https:\/\/rosmuhendislik.com\/wp-content\/uploads\/2026\/04\/robot_delta.png\"  title=\"robot_delta\" alt=\"\"> <div data-type=\"column\" class=\"col-padding-small col-padding-small-xs description-container\" > <h4 class=\"font-500\" >Delta Robot and Pick&amp;Place<\/h4> <p class=\"\" >Turnkey project solutions including image processing technologies for camera-based conveyor tracking, scattered product picking, high-speed product picking and sorting applications.<\/p><\/div> <div data-type=\"column\" class=\"col-padding-small col-padding-small-xs read-more-container\" ><a class=\"read-more\" >learn more<\/a><\/div> <\/div><\/div> <div class=\"col-xs-12 col-sm-6 col-md-4\" > <div class=\"card no-padding bordered y-move\" > <img decoding=\"async\" class=\"face\" src=\"https:\/\/rosmuhendislik.com\/wp-content\/uploads\/2026\/04\/robotCnc.png\"  title=\"robotCnc\" alt=\"\"> <div data-type=\"column\" class=\"col-padding-small col-padding-small-xs description-container\" > <h4 class=\"font-500\" >Cnc Tending Applications<\/h4> <p class=\"\" >Raw material feeding or receiving for CNC or CNC transfer machines. Project planning including product selection and feeding from mixed products using cameras, according to requirements.<\/p><\/div> <div data-type=\"column\" class=\"col-padding-small col-padding-small-xs read-more-container\" ><a class=\"read-more\" >learn more<\/a><\/div> <\/div><\/div><div class=\"col-xs-12 col-sm-6 col-md-4\" > <div class=\"card no-padding bordered y-move\" > <img decoding=\"async\" class=\"face\" src=\"https:\/\/rosmuhendislik.com\/wp-content\/uploads\/2026\/04\/robot_handl.png\"  title=\"robot_handl\" alt=\"\"> <div data-type=\"column\" class=\"col-padding-small col-padding-small-xs description-container\" > <h4 class=\"font-500\" >Handling Applications<\/h4> <p class=\"\" >Design and implementation of robotic part handling and stacking systems for heavy products up to 2300KG. Traverse unit\/slider integration.<\/p><\/div> <div data-type=\"column\" class=\"col-padding-small col-padding-small-xs read-more-container\" ><a class=\"read-more\" >learn more<\/a><\/div> <\/div><\/div><div class=\"col-xs-12 col-sm-6 col-md-4\" > <div class=\"card no-padding bordered y-move\" > <img decoding=\"async\" class=\"face\" src=\"https:\/\/rosmuhendislik.com\/wp-content\/uploads\/2026\/04\/robot_pall.png\"  title=\"robot_pall\" alt=\"\"> <div data-type=\"column\" class=\"col-padding-small col-padding-small-xs description-container\" > <h4 class=\"font-500\" >Palletizer Cells<\/h4> <p class=\"\" >Easy-to-use interface for palletizing projects in single or multiple pallet stacking, multi-conveyor product picking and palletizing applications.<\/p><\/div> <div data-type=\"column\" class=\"col-padding-small col-padding-small-xs read-more-container\" ><a class=\"read-more\" >learn more<\/a><\/div> <\/div><\/div><\/div><\/div> <\/div><div data-label=\"Gallery\" data-id=\"gallery--1\" data-export-id=\"gallery-1\" data-category=\"gallery\" class=\"gallery-1 content-section content-section-spacing\" id=\"gallery-1\"  style=\"background-color: rgb(245, 250, 253);\"><div class=\"gridContainer\" > <div class=\"row\" ><div class=\"section-title-col\" data-type=\"column\" > <h2 class=\"\" >Gallery<\/h2> <p class=\"lead\" >Some of our turnkey projects<\/p><\/div> <\/div> <div class=\"row text-center\" > <div class=\"col-xs-12\" data-editable=\"true\" data-content-shortcode=\"mesmerize_gallery id=&quot;mesmerize-gallery-1&quot; columns=&quot;4&quot; ids=&quot;843,2207,880,2198,2200,881,2277&quot; lb=&quot;1&quot; masonry=&quot;1&quot; size=&quot;medium&quot; link=&quot;file&quot; \" ><div id='mesmerize-gallery-1' class='gallery-wrapper'><style type=\"text\/css\">\n                    @media only screen and (min-width: 768px) {\n                    [data-unique-id='mesmerize-gallery-1-69e0325fb758e'] dl {\n                        float: left;\n                        width: 25% !important;\n                        max-width:  25% !important;\n                        min-width:  25% !important;\n                    }\n\n                    [data-unique-id='mesmerize-gallery-1-69e0325fb758e'] dl:nth-of-type(4n +1 ) {\n                      clear: both;\n                      }\n                    }\n                <\/style><div id='mesmerize-gallery-1' class='mesmerize-gallery-1-dls-wrapper gallery-items-wrapper materialis-gallery' data-unique-id='mesmerize-gallery-1-69e0325fb758e'><dl class='gallery-item'>\n\t\t\t<dt class='gallery-icon portrait'>\n\t\t\t\t<a data-fancybox=\"mesmerize-gallery-1-group\" href='https:\/\/rosmuhendislik.com\/wp-content\/uploads\/2022\/04\/Retrofit_6axis-scaled.jpg'><img loading=\"lazy\" decoding=\"async\"  width=\"225\" height=\"300\" src=\"https:\/\/rosmuhendislik.com\/wp-content\/uploads\/2022\/04\/Retrofit_6axis-225x300.jpg\"  class='mesmerize-gallery-1-image' alt=\"\" srcset=\"https:\/\/rosmuhendislik.com\/wp-content\/uploads\/2022\/04\/Retrofit_6axis-225x300.jpg 225w, https:\/\/rosmuhendislik.com\/wp-content\/uploads\/2022\/04\/Retrofit_6axis-768x1024.jpg 768w, https:\/\/rosmuhendislik.com\/wp-content\/uploads\/2022\/04\/Retrofit_6axis-1152x1536.jpg 1152w, https:\/\/rosmuhendislik.com\/wp-content\/uploads\/2022\/04\/Retrofit_6axis-1536x2048.jpg 1536w, https:\/\/rosmuhendislik.com\/wp-content\/uploads\/2022\/04\/Retrofit_6axis-9x12.jpg 9w, https:\/\/rosmuhendislik.com\/wp-content\/uploads\/2022\/04\/Retrofit_6axis-1024x1365.jpg 1024w, https:\/\/rosmuhendislik.com\/wp-content\/uploads\/2022\/04\/Retrofit_6axis-810x1080.jpg 810w, https:\/\/rosmuhendislik.com\/wp-content\/uploads\/2022\/04\/Retrofit_6axis-scaled.jpg 1920w\" sizes=\"auto, (max-width: 225px) 100vw, 225px\" \/><\/a>\n\t\t\t<\/dt><\/dl><dl class='gallery-item'>\n\t\t\t<dt class='gallery-icon landscape'>\n\t\t\t\t<a data-fancybox=\"mesmerize-gallery-1-group\" href='https:\/\/rosmuhendislik.com\/wp-content\/uploads\/2026\/04\/MotorBlok3.jpg'><img loading=\"lazy\" decoding=\"async\"  width=\"300\" height=\"225\" src=\"https:\/\/rosmuhendislik.com\/wp-content\/uploads\/2026\/04\/MotorBlok3-300x225.jpg\"  class='mesmerize-gallery-1-image' alt=\"\" srcset=\"https:\/\/rosmuhendislik.com\/wp-content\/uploads\/2026\/04\/MotorBlok3-300x225.jpg 300w, https:\/\/rosmuhendislik.com\/wp-content\/uploads\/2026\/04\/MotorBlok3-1024x768.jpg 1024w, https:\/\/rosmuhendislik.com\/wp-content\/uploads\/2026\/04\/MotorBlok3-768x576.jpg 768w, https:\/\/rosmuhendislik.com\/wp-content\/uploads\/2026\/04\/MotorBlok3-1536x1152.jpg 1536w, https:\/\/rosmuhendislik.com\/wp-content\/uploads\/2026\/04\/MotorBlok3-16x12.jpg 16w, https:\/\/rosmuhendislik.com\/wp-content\/uploads\/2026\/04\/MotorBlok3-1440x1080.jpg 1440w, https:\/\/rosmuhendislik.com\/wp-content\/uploads\/2026\/04\/MotorBlok3.jpg 1632w\" sizes=\"auto, (max-width: 300px) 100vw, 300px\" \/><\/a>\n\t\t\t<\/dt><\/dl><dl class='gallery-item'>\n\t\t\t<dt class='gallery-icon landscape'>\n\t\t\t\t<a data-fancybox=\"mesmerize-gallery-1-group\" href='https:\/\/rosmuhendislik.com\/wp-content\/uploads\/2022\/10\/WetWipe_Istanbul_Delta.jpeg'><img loading=\"lazy\" decoding=\"async\"  width=\"300\" height=\"169\" src=\"https:\/\/rosmuhendislik.com\/wp-content\/uploads\/2022\/10\/WetWipe_Istanbul_Delta-300x169.jpeg\"  class='mesmerize-gallery-1-image' alt=\"\" aria-describedby=\"gallery-1-880\" srcset=\"https:\/\/rosmuhendislik.com\/wp-content\/uploads\/2022\/10\/WetWipe_Istanbul_Delta-300x169.jpeg 300w, https:\/\/rosmuhendislik.com\/wp-content\/uploads\/2022\/10\/WetWipe_Istanbul_Delta-1024x576.jpeg 1024w, https:\/\/rosmuhendislik.com\/wp-content\/uploads\/2022\/10\/WetWipe_Istanbul_Delta-768x432.jpeg 768w, https:\/\/rosmuhendislik.com\/wp-content\/uploads\/2022\/10\/WetWipe_Istanbul_Delta-18x10.jpeg 18w, https:\/\/rosmuhendislik.com\/wp-content\/uploads\/2022\/10\/WetWipe_Istanbul_Delta.jpeg 1280w\" sizes=\"auto, (max-width: 300px) 100vw, 300px\" \/><\/a>\n\t\t\t<\/dt>\n\t\t\t\t<dd class='wp-caption-text gallery-caption' id='gallery-1-880'>\n\t\t\t\tDelta Robot\n\t\t\t\t<\/dd><\/dl><dl class='gallery-item'>\n\t\t\t<dt class='gallery-icon landscape'>\n\t\t\t\t<a data-fancybox=\"mesmerize-gallery-1-group\" href='https:\/\/rosmuhendislik.com\/wp-content\/uploads\/2026\/04\/Epson_ZimparaDozaj1.jpg'><img loading=\"lazy\" decoding=\"async\"  width=\"300\" height=\"285\" src=\"https:\/\/rosmuhendislik.com\/wp-content\/uploads\/2026\/04\/Epson_ZimparaDozaj1-300x285.jpg\"  class='mesmerize-gallery-1-image' alt=\"\" srcset=\"https:\/\/rosmuhendislik.com\/wp-content\/uploads\/2026\/04\/Epson_ZimparaDozaj1-300x285.jpg 300w, https:\/\/rosmuhendislik.com\/wp-content\/uploads\/2026\/04\/Epson_ZimparaDozaj1-1024x974.jpg 1024w, https:\/\/rosmuhendislik.com\/wp-content\/uploads\/2026\/04\/Epson_ZimparaDozaj1-768x730.jpg 768w, https:\/\/rosmuhendislik.com\/wp-content\/uploads\/2026\/04\/Epson_ZimparaDozaj1-13x12.jpg 13w, https:\/\/rosmuhendislik.com\/wp-content\/uploads\/2026\/04\/Epson_ZimparaDozaj1-1136x1080.jpg 1136w, https:\/\/rosmuhendislik.com\/wp-content\/uploads\/2026\/04\/Epson_ZimparaDozaj1.jpg 1285w\" sizes=\"auto, (max-width: 300px) 100vw, 300px\" \/><\/a>\n\t\t\t<\/dt><\/dl><dl class='gallery-item'>\n\t\t\t<dt class='gallery-icon portrait'>\n\t\t\t\t<a data-fancybox=\"mesmerize-gallery-1-group\" href='https:\/\/rosmuhendislik.com\/wp-content\/uploads\/2026\/04\/Epson_ZimparaDozaj3.jpg'><img loading=\"lazy\" decoding=\"async\"  width=\"262\" height=\"300\" src=\"https:\/\/rosmuhendislik.com\/wp-content\/uploads\/2026\/04\/Epson_ZimparaDozaj3-262x300.jpg\"  class='mesmerize-gallery-1-image' alt=\"\" srcset=\"https:\/\/rosmuhendislik.com\/wp-content\/uploads\/2026\/04\/Epson_ZimparaDozaj3-262x300.jpg 262w, https:\/\/rosmuhendislik.com\/wp-content\/uploads\/2026\/04\/Epson_ZimparaDozaj3-896x1024.jpg 896w, https:\/\/rosmuhendislik.com\/wp-content\/uploads\/2026\/04\/Epson_ZimparaDozaj3-768x878.jpg 768w, https:\/\/rosmuhendislik.com\/wp-content\/uploads\/2026\/04\/Epson_ZimparaDozaj3-10x12.jpg 10w, https:\/\/rosmuhendislik.com\/wp-content\/uploads\/2026\/04\/Epson_ZimparaDozaj3-1024x1170.jpg 1024w, https:\/\/rosmuhendislik.com\/wp-content\/uploads\/2026\/04\/Epson_ZimparaDozaj3-945x1080.jpg 945w, https:\/\/rosmuhendislik.com\/wp-content\/uploads\/2026\/04\/Epson_ZimparaDozaj3.jpg 1224w\" sizes=\"auto, (max-width: 262px) 100vw, 262px\" \/><\/a>\n\t\t\t<\/dt><\/dl><dl class='gallery-item'>\n\t\t\t<dt class='gallery-icon landscape'>\n\t\t\t\t<a data-fancybox=\"mesmerize-gallery-1-group\" href='https:\/\/rosmuhendislik.com\/wp-content\/uploads\/2022\/10\/Why-Invest-in-Robotic-Automation.jpg'><img loading=\"lazy\" decoding=\"async\"  width=\"300\" height=\"200\" src=\"https:\/\/rosmuhendislik.com\/wp-content\/uploads\/2022\/10\/Why-Invest-in-Robotic-Automation-300x200.jpg\"  class='mesmerize-gallery-1-image' alt=\"\" srcset=\"https:\/\/rosmuhendislik.com\/wp-content\/uploads\/2022\/10\/Why-Invest-in-Robotic-Automation-300x200.jpg 300w, https:\/\/rosmuhendislik.com\/wp-content\/uploads\/2022\/10\/Why-Invest-in-Robotic-Automation-1024x683.jpg 1024w, https:\/\/rosmuhendislik.com\/wp-content\/uploads\/2022\/10\/Why-Invest-in-Robotic-Automation-768x512.jpg 768w, https:\/\/rosmuhendislik.com\/wp-content\/uploads\/2022\/10\/Why-Invest-in-Robotic-Automation-1536x1024.jpg 1536w, https:\/\/rosmuhendislik.com\/wp-content\/uploads\/2022\/10\/Why-Invest-in-Robotic-Automation-18x12.jpg 18w, https:\/\/rosmuhendislik.com\/wp-content\/uploads\/2022\/10\/Why-Invest-in-Robotic-Automation-1620x1080.jpg 1620w, https:\/\/rosmuhendislik.com\/wp-content\/uploads\/2022\/10\/Why-Invest-in-Robotic-Automation.jpg 1800w\" sizes=\"auto, (max-width: 300px) 100vw, 300px\" \/><\/a>\n\t\t\t<\/dt><\/dl><dl class='gallery-item'>\n\t\t\t<dt class='gallery-icon portrait'>\n\t\t\t\t<a data-fancybox=\"mesmerize-gallery-1-group\" href='https:\/\/rosmuhendislik.com\/wp-content\/uploads\/2026\/04\/Duru_Palle.png'><img loading=\"lazy\" decoding=\"async\"  width=\"205\" height=\"300\" src=\"https:\/\/rosmuhendislik.com\/wp-content\/uploads\/2026\/04\/Duru_Palle-205x300.png\"  class='mesmerize-gallery-1-image' alt=\"Duru Paletleme Fanuc\" srcset=\"https:\/\/rosmuhendislik.com\/wp-content\/uploads\/2026\/04\/Duru_Palle-205x300.png 205w, https:\/\/rosmuhendislik.com\/wp-content\/uploads\/2026\/04\/Duru_Palle-8x12.png 8w, https:\/\/rosmuhendislik.com\/wp-content\/uploads\/2026\/04\/Duru_Palle.png 443w\" sizes=\"auto, (max-width: 205px) 100vw, 205px\" \/><\/a>\n\t\t\t<\/dt><\/dl>\n\t\t\t\n\t\t<\/div>\n<script>(function($){window.MaterialisCaptionsGallery && window.MaterialisCaptionsGallery($('[data-unique-id=\"mesmerize-gallery-1-69e0325fb758e\"]'))})(jQuery)<\/script><\/div><\/div><\/div> <\/div><\/div>","protected":false},"excerpt":{"rendered":"<p>Anahtar Teslim Robotlu Projelendirme Kawasaki, Epson Robot, ABB, KUKA Robotlarla projeniz i\u00e7in en optimum konfig\u00fcrasyon ile \u00e7evre ekipmanlar\u0131 dahil robot h\u00fccresi olarak projelendirme ve devreye alma hizmeti veriyoruz. ROS M\u00fchendislik olarak, \u00f6zellikle paletleme, paketleme ve conta-mastik uygulamalar\u0131nda uzmanl\u0131\u011f\u0131 bulunmaktad\u0131r. Referanslar\u0131m\u0131z ve tecr\u00fcbelerimiz i\u00e7in l\u00fctfen ileti\u015fime ge\u00e7iniz. Detayl\u0131 bilgi ve teklif al\u0131n! Uzmanl\u0131k Alanlar\u0131m\u0131z Conta ve&hellip; <br \/> <a class=\"read-more\" href=\"https:\/\/rosmuhendislik.com\/en\/mesmerize\/robotik-sistemler\/\">Read more<\/a><\/p>","protected":false},"author":3,"featured_media":0,"parent":11,"menu_order":0,"comment_status":"closed","ping_status":"closed","template":"pro\/page-templates\/full-width-page.php","meta":{"footnotes":""},"class_list":["post-304","page","type-page","status-publish","hentry"],"_links":{"self":[{"href":"https:\/\/rosmuhendislik.com\/en\/wp-json\/wp\/v2\/pages\/304","targetHints":{"allow":["GET"]}}],"collection":[{"href":"https:\/\/rosmuhendislik.com\/en\/wp-json\/wp\/v2\/pages"}],"about":[{"href":"https:\/\/rosmuhendislik.com\/en\/wp-json\/wp\/v2\/types\/page"}],"author":[{"embeddable":true,"href":"https:\/\/rosmuhendislik.com\/en\/wp-json\/wp\/v2\/users\/3"}],"replies":[{"embeddable":true,"href":"https:\/\/rosmuhendislik.com\/en\/wp-json\/wp\/v2\/comments?post=304"}],"version-history":[{"count":24,"href":"https:\/\/rosmuhendislik.com\/en\/wp-json\/wp\/v2\/pages\/304\/revisions"}],"predecessor-version":[{"id":2294,"href":"https:\/\/rosmuhendislik.com\/en\/wp-json\/wp\/v2\/pages\/304\/revisions\/2294"}],"up":[{"embeddable":true,"href":"https:\/\/rosmuhendislik.com\/en\/wp-json\/wp\/v2\/pages\/11"}],"wp:attachment":[{"href":"https:\/\/rosmuhendislik.com\/en\/wp-json\/wp\/v2\/media?parent=304"}],"curies":[{"name":"wp","href":"https:\/\/api.w.org\/{rel}","templated":true}]}}